{"id":5624,"date":"2020-07-22T19:13:32","date_gmt":"2020-07-22T16:13:32","guid":{"rendered":"http:\/\/bonsaisushi.ee\/?page_id=5624"},"modified":"2020-07-29T00:42:26","modified_gmt":"2020-07-28T21:42:26","slug":"kohaletoomine","status":"publish","type":"page","link":"https:\/\/bonsaisushi.ee\/rus\/kohaletoomine\/","title":{"rendered":"\u0414\u043e\u0441\u0442\u0430\u0432\u043a\u0430"},"content":{"rendered":"<div class=\"vc_row wpb_row vc_row-fluid\" style=\"background-color:#f5f5f5\"><div class=\"wpb_column vc_column_container vc_col-sm-12\"><div class=\"vc_column-inner\"><div class=\"wpb_wrapper\"><div class=\"eltdf-elements-holder   eltdf-two-columns  eltdf-responsive-mode-1024\" ><div class=\"eltdf-eh-item\" style=\"background-image: url(https:\/\/bonsaisushi.ee\/wp-content\/uploads\/2018\/06\/h3-port-img-2.jpg)\" data-item-class=\"eltdf-eh-custom-9943\" data-769-1024=\"291px 0 296px 0\" data-681-768=\"291px 0 296px 0\" data-680=\"120px 0 120px 0\">\n\t<div class=\"eltdf-eh-item-inner\">\n\t\t<div class=\"eltdf-eh-item-content eltdf-eh-custom-9943\" >\n\t\t\t\t\t<\/div>\n\t<\/div>\n<\/div><div class=\"eltdf-eh-item\"  data-item-class=\"eltdf-eh-custom-5869\" data-1367-1600=\"170px 67px 175px 126px\" data-1025-1366=\"170px 80px 175px 95px\" data-769-1024=\"175px 44px 177px 89px\" data-681-768=\"144px 108px 176px 75px\" data-680=\"167px 26px 176px 15px\">\n\t<div class=\"eltdf-eh-item-inner\">\n\t\t<div class=\"eltdf-eh-item-content eltdf-eh-custom-5869\" style=\"padding: 168px 211px 173px 202px\">\n\t\t\t<div class=\"eltdf-section-title-holder\" >\n\t\t<div class=\"eltdf-st-inner\">\n\t\t\t\t\t\t\t<h1 class=\"eltdf-st-title\" >\n\t\t\t\t\u0414\u041e\u0421\u0422\u0410\u0412\u041a\u0410\t\t\t<\/h1>\n\t\t\t\t\t\t\t\t\t<\/div>\n<\/div><div class=\"eltdf-section-title-holder\" >\n\t\t<div class=\"eltdf-st-inner\">\n\t\t\t\t\t\t\t\t\t\t\t<h4 class=\"eltdf-st-text\" >\n\t\t\t\tLASNAM\u00c4E .............................. 3 \u20ac\t\t\t<\/h4>\n\t\t\t\t\t<\/div>\n<\/div><div class=\"eltdf-section-title-holder\" >\n\t\t<div class=\"eltdf-st-inner\">\n\t\t\t\t\t<h6 class=\"eltdf-st-subtitle\" >\n\t\t\t\t\u0415\u0441\u043b\u0438 \u0437\u0430\u043a\u0430\u0437 \u043f\u0440\u0435\u0432\u044b\u0448\u0430\u0435\u0442 \u0441\u0443\u043c\u043c\u0443 20 \u20ac,  \u0434\u043e\u0441\u0442\u0430\u0432\u043a\u0430 \u0431\u0435\u0441\u043f\u043b\u0430\u0442\u043d\u043e.\t\t\t<\/h6>\n\t\t\t\t\t\t\t\t\t\t\t<h4 class=\"eltdf-st-text\" >\n\t\t\t\tKESKLINN JA KADRIORG ................... 4 \u20ac\t\t\t<\/h4>\n\t\t\t\t\t<\/div>\n<\/div><div class=\"eltdf-section-title-holder\" >\n\t\t<div class=\"eltdf-st-inner\">\n\t\t\t\t\t<h6 class=\"eltdf-st-subtitle\" >\n\t\t\t\t\u0415\u0441\u043b\u0438 \u0437\u0430\u043a\u0430\u0437 \u043f\u0440\u0435\u0432\u044b\u0448\u0430\u0435\u0442 \u0441\u0443\u043c\u043c\u0443 25 \u20ac,  \u0434\u043e\u0441\u0442\u0430\u0432\u043a\u0430 \u0431\u0435\u0441\u043f\u043b\u0430\u0442\u043d\u043e.\t\t\t<\/h6>\n\t\t\t\t\t\t\t\t\t\t\t<h4 class=\"eltdf-st-text\" >\n\t\t\t\tPIRITA JA KRISTIINE .............................. 4 \u20ac\t\t\t<\/h4>\n\t\t\t\t\t<\/div>\n<\/div><div class=\"eltdf-section-title-holder\" >\n\t\t<div class=\"eltdf-st-inner\">\n\t\t\t\t\t<h6 class=\"eltdf-st-subtitle\" >\n\t\t\t\t\u0415\u0441\u043b\u0438 \u0437\u0430\u043a\u0430\u0437 \u043f\u0440\u0435\u0432\u044b\u0448\u0430\u0435\u0442 \u0441\u0443\u043c\u043c\u0443 25 \u20ac,  \u0434\u043e\u0441\u0442\u0430\u0432\u043a\u0430 \u0431\u0435\u0441\u043f\u043b\u0430\u0442\u043d\u043e.\t\t\t<\/h6>\n\t\t\t\t\t\t\t\t\t\t\t<h4 class=\"eltdf-st-text\" >\n\t\t\t\tIRUK\u00dcLA .............................. 4 \u20ac\t\t\t<\/h4>\n\t\t\t\t\t<\/div>\n<\/div><div class=\"eltdf-section-title-holder\" >\n\t\t<div class=\"eltdf-st-inner\">\n\t\t\t\t\t<h6 class=\"eltdf-st-subtitle\" >\n\t\t\t\t\u0415\u0441\u043b\u0438 \u0437\u0430\u043a\u0430\u0437 \u043f\u0440\u0435\u0432\u044b\u0448\u0430\u0435\u0442 \u0441\u0443\u043c\u043c\u0443 30 \u20ac,  \u0434\u043e\u0441\u0442\u0430\u0432\u043a\u0430 \u0431\u0435\u0441\u043f\u043b\u0430\u0442\u043d\u043e.\t\t\t<\/h6>\n\t\t\t\t\t\t\t\t\t\t\t<h4 class=\"eltdf-st-text\" >\n\t\t\t\tM\u00d5IGU JA PEETRI ..................... 4.5 \u20ac\t\t\t<\/h4>\n\t\t\t\t\t<\/div>\n<\/div><div class=\"eltdf-section-title-holder\" >\n\t\t<div class=\"eltdf-st-inner\">\n\t\t\t\t\t<h6 class=\"eltdf-st-subtitle\" >\n\t\t\t\t\u0415\u0441\u043b\u0438 \u0437\u0430\u043a\u0430\u0437 \u043f\u0440\u0435\u0432\u044b\u0448\u0430\u0435\u0442 \u0441\u0443\u043c\u043c\u0443 30 \u20ac,  \u0434\u043e\u0441\u0442\u0430\u0432\u043a\u0430 \u0431\u0435\u0441\u043f\u043b\u0430\u0442\u043d\u043e.\t\t\t<\/h6>\n\t\t\t\t\t\t\t\t\t\t\t<h4 class=\"eltdf-st-text\" >\n\t\t\t\tLOO JA LAGEDI .................... 4.5 \u20ac\t\t\t<\/h4>\n\t\t\t\t\t<\/div>\n<\/div><div class=\"eltdf-section-title-holder\" >\n\t\t<div class=\"eltdf-st-inner\">\n\t\t\t\t\t<h6 class=\"eltdf-st-subtitle\" >\n\t\t\t\t\u0415\u0441\u043b\u0438 \u0437\u0430\u043a\u0430\u0437 \u043f\u0440\u0435\u0432\u044b\u0448\u0430\u0435\u0442 \u0441\u0443\u043c\u043c\u0443 30 \u20ac,  \u0434\u043e\u0441\u0442\u0430\u0432\u043a\u0430 \u0431\u0435\u0441\u043f\u043b\u0430\u0442\u043d\u043e.\t\t\t<\/h6>\n\t\t\t\t\t\t\t\t\t\t\t<h4 class=\"eltdf-st-text\" >\n\t\t\t\tMUSTAM\u00c4E JA \u00d5ISM\u00c4E ............... 5 \u20ac\t\t\t<\/h4>\n\t\t\t\t\t<\/div>\n<\/div><div class=\"eltdf-section-title-holder\" >\n\t\t<div class=\"eltdf-st-inner\">\n\t\t\t\t\t<h6 class=\"eltdf-st-subtitle\" >\n\t\t\t\t\u0415\u0441\u043b\u0438 \u0437\u0430\u043a\u0430\u0437 \u043f\u0440\u0435\u0432\u044b\u0448\u0430\u0435\u0442 \u0441\u0443\u043c\u043c\u0443 35 \u20ac,  \u0434\u043e\u0441\u0442\u0430\u0432\u043a\u0430 \u0431\u0435\u0441\u043f\u043b\u0430\u0442\u043d\u043e.\t\t\t<\/h6>\n\t\t\t\t\t\t\t\t\t\t\t<h4 class=\"eltdf-st-text\" >\n\t\t\t\tKOPLI, VIIMSI, HAABERSTI .............. 5 \u20ac\t\t\t<\/h4>\n\t\t\t\t\t<\/div>\n<\/div><div class=\"eltdf-section-title-holder\" >\n\t\t<div class=\"eltdf-st-inner\">\n\t\t\t\t\t<h6 class=\"eltdf-st-subtitle\" >\n\t\t\t\t\u0415\u0441\u043b\u0438 \u0437\u0430\u043a\u0430\u0437 \u043f\u0440\u0435\u0432\u044b\u0448\u0430\u0435\u0442 \u0441\u0443\u043c\u043c\u0443 35 \u20ac,  \u0434\u043e\u0441\u0442\u0430\u0432\u043a\u0430 \u0431\u0435\u0441\u043f\u043b\u0430\u0442\u043d\u043e.\t\t\t<\/h6>\n\t\t\t\t\t\t\t\t\t\t\t<h4 class=\"eltdf-st-text\" >\n\t\t\t\tKAKUM\u00c4E JA M\u00c4NNIKU ............... 5 \u20ac\t\t\t<\/h4>\n\t\t\t\t\t<\/div>\n<\/div><div class=\"eltdf-section-title-holder\" >\n\t\t<div class=\"eltdf-st-inner\">\n\t\t\t\t\t<h6 class=\"eltdf-st-subtitle\" >\n\t\t\t\t\u0415\u0441\u043b\u0438 \u0437\u0430\u043a\u0430\u0437 \u043f\u0440\u0435\u0432\u044b\u0448\u0430\u0435\u0442 \u0441\u0443\u043c\u043c\u0443 35 \u20ac,  \u0434\u043e\u0441\u0442\u0430\u0432\u043a\u0430 \u0431\u0435\u0441\u043f\u043b\u0430\u0442\u043d\u043e.\t\t\t<\/h6>\n\t\t\t\t\t\t\t\t\t\t\t<h4 class=\"eltdf-st-text\" >\n\t\t\t\tJ\u00dcRI JA MAARDU ........................ 5 \u20ac\t\t\t<\/h4>\n\t\t\t\t\t<\/div>\n<\/div><div class=\"eltdf-section-title-holder\" >\n\t\t<div class=\"eltdf-st-inner\">\n\t\t\t\t\t<h6 class=\"eltdf-st-subtitle\" >\n\t\t\t\t\u0415\u0441\u043b\u0438 \u0437\u0430\u043a\u0430\u0437 \u043f\u0440\u0435\u0432\u044b\u0448\u0430\u0435\u0442 \u0441\u0443\u043c\u043c\u0443 35 \u20ac,  \u0434\u043e\u0441\u0442\u0430\u0432\u043a\u0430 \u0431\u0435\u0441\u043f\u043b\u0430\u0442\u043d\u043e.\t\t\t<\/h6>\n\t\t\t\t\t\t\t\t\t\t\t<h4 class=\"eltdf-st-text\" >\n\t\t\t\tTABASALU JA SAKU .............................. 7 \u20ac\t\t\t<\/h4>\n\t\t\t\t\t<\/div>\n<\/div><div class=\"eltdf-section-title-holder\" >\n\t\t<div class=\"eltdf-st-inner\">\n\t\t\t\t\t<h6 class=\"eltdf-st-subtitle\" >\n\t\t\t\t\u0415\u0441\u043b\u0438 \u0437\u0430\u043a\u0430\u0437 \u043f\u0440\u0435\u0432\u044b\u0448\u0430\u0435\u0442 \u0441\u0443\u043c\u043c\u0443 50 \u20ac,  \u0434\u043e\u0441\u0442\u0430\u0432\u043a\u0430 \u0431\u0435\u0441\u043f\u043b\u0430\u0442\u043d\u043e.\t\t\t<\/h6>\n\t\t\t\t\t\t\t\t\t\t<a itemprop=\"url\" href=\"tel: 37258282848\" target=\"_self\"  class=\"eltdf-btn eltdf-btn-small eltdf-btn-outline eltdf-section-title-button eltdf-has-hover-animation\"  >    <span class=\"eltdf-btn-text\">\u0417\u0432\u043e\u043d\u0438\u0442\u0435 \u043d\u0430 58282848<\/span>    <\/a>\t<\/div>\n<\/div>\t\t<\/div>\n\t<\/div>\n<\/div><\/div><\/div><\/div><\/div><\/div>","protected":false},"excerpt":{"rendered":"KOHALETOOMINE LASNAM\u00c4E .............................. 3 \u20ac Tasuta, kui tellimuse summa \u00fcletab 20\u20ac KESKLINN JA KADRIORG ................... 4 \u20ac TASUTA, KUI TELLIMUSE SUMMA \u00dcLETAB 25\u20ac PIRITA JA KRISTIINE .............................. 4 \u20ac TASUTA, KUI TELLIMUSE SUMMA \u00dcLETAB 25\u20ac IRUK\u00dcLA .............................. 4 \u20ac TASUTA, [...]","protected":false},"author":1,"featured_media":0,"parent":0,"menu_order":0,"comment_status":"closed","ping_status":"closed","template":"full-width.php","meta":{"footnotes":""},"_links":{"self":[{"href":"https:\/\/bonsaisushi.ee\/rus\/wp-json\/wp\/v2\/pages\/5624"}],"collection":[{"href":"https:\/\/bonsaisushi.ee\/rus\/wp-json\/wp\/v2\/pages"}],"about":[{"href":"https:\/\/bonsaisushi.ee\/rus\/wp-json\/wp\/v2\/types\/page"}],"author":[{"embeddable":true,"href":"https:\/\/bonsaisushi.ee\/rus\/wp-json\/wp\/v2\/users\/1"}],"replies":[{"embeddable":true,"href":"https:\/\/bonsaisushi.ee\/rus\/wp-json\/wp\/v2\/comments?post=5624"}],"version-history":[{"count":28,"href":"https:\/\/bonsaisushi.ee\/rus\/wp-json\/wp\/v2\/pages\/5624\/revisions"}],"predecessor-version":[{"id":5690,"href":"https:\/\/bonsaisushi.ee\/rus\/wp-json\/wp\/v2\/pages\/5624\/revisions\/5690"}],"wp:attachment":[{"href":"https:\/\/bonsaisushi.ee\/rus\/wp-json\/wp\/v2\/media?parent=5624"}],"curies":[{"name":"wp","href":"https:\/\/api.w.org\/{rel}","templated":true}]}}