{"id":4729,"date":"2018-06-11T07:53:07","date_gmt":"2018-06-11T07:53:07","guid":{"rendered":"http:\/\/nigiri.elated-themes.com\/?page_id=2"},"modified":"2020-07-20T16:32:01","modified_gmt":"2020-07-20T13:32:01","slug":"sample-page-2","status":"publish","type":"page","link":"https:\/\/bonsaisushi.ee\/rus\/sample-page-2\/","title":{"rendered":"\u041e \u043d\u0430\u0441"},"content":{"rendered":"<p>Bonsai Sushi alustas tegevust 2011 aastal.\u00a0Esimestest p\u00e4evadest alates on meie jaoks k\u00f5ige t\u00e4htsamaks olnud pakkuda head maitsvat toitu taskukohase hinnaga. Sellega on meil \u00f5nnestunud v\u00f5ita paljude klientide usaldus.<br \/>\n<strong>\u041d\u0430\u0448 \u0434\u0435\u0432\u0438\u0437:<\/strong><\/p>\n<blockquote><p><strong>\u0412\u043a\u0443\u0441\u043d\u043e, \u0434\u0435\u0448\u0435\u0432\u043e \u0438 \u043a\u0430\u0447\u0435\u0441\u0442\u0432\u0435\u043d\u043d\u043e<\/strong><\/p><\/blockquote>\n<p>Bonsai Sushi \u0443\u0432\u0430\u0436\u0430\u0435\u0442 \u0442\u0440\u0430\u0434\u0438\u0446\u0438\u0438 \u044f\u043f\u043e\u043d\u0441\u043a\u043e\u0439 \u043a\u0443\u0445\u043d\u0438, \u043f\u043e\u044d\u0442\u043e\u043c\u0443 \u043d\u0430\u0448\u0438 \u043a\u043b\u0438\u0435\u043d\u0442\u044b \u043c\u043e\u0433\u0443\u0442 \u0431\u044b\u0442\u044c \u0443\u0432\u0435\u0440\u0435\u043d\u044b \u0432 \u043a\u0430\u0447\u0435\u0441\u0442\u0432\u0435 \u043f\u0440\u043e\u0434\u0443\u043a\u0442\u0430 \u0438 \u0435\u0433\u043e \u0441\u0432\u0435\u0436\u0435\u0441\u0442\u0438, \u0432\u0435\u0434\u044c \u0432\u0441\u0435 \u0431\u043b\u044e\u0434\u0430 \u0434\u0435\u043b\u0430\u044e\u0442\u0441\u044f \u0442\u043e\u043b\u044c\u043a\u043e \u043f\u043e\u0441\u043b\u0435 \u043f\u0440\u0438\u043d\u044f\u0442\u0438\u044f \u0437\u0430\u043a\u0430\u0437\u043e\u0432.<br \/>\n\u0427\u0442\u043e\u0431\u044b \u043d\u0430\u0448\u0438 \u043a\u043b\u0438\u0435\u043d\u0442\u044b \u043d\u0435 \u0443\u0441\u0442\u0430\u0432\u0430\u043b\u0438 \u043e\u0442 \u043e\u0434\u043d\u043e\u043e\u0431\u0440\u0430\u0437\u0438\u044f \u043c\u0435\u043d\u044e, \u043c\u044b \u043f\u043e\u0441\u0442\u043e\u044f\u043d\u043d\u043e \u043f\u043e\u043f\u043e\u043b\u043d\u044f\u0435\u043c\u0441\u044f \u043d\u043e\u0432\u0438\u043d\u043a\u0430\u043c\u0438, \u043f\u0440\u0435\u0434\u043e\u0441\u0442\u0430\u0432\u043b\u044f\u044f \u0432\u043e\u0437\u043c\u043e\u0436\u043d\u043e\u0441\u0442\u044c \u0432\u044b\u0431\u043e\u0440\u0430 \u043d\u043e\u0432\u044b\u0445 \u0432\u043a\u0443\u0441\u043e\u0432 \u0438 \u0441\u043e\u0447\u0435\u0442\u0430\u043d\u0438\u0439.<br \/>\n\u041a\u043e\u043c\u0430\u043d\u0434\u0430 Bonsai Sushi \u0432\u0441\u0435\u0433\u0434\u0430 \u0440\u0430\u0434\u0430 \u043f\u0440\u0438\u0434\u0442\u0438 \u0412\u0430\u043c \u043d\u0430 \u043f\u043e\u043c\u043e\u0449\u044c, \u0435\u0441\u043b\u0438 \u0443 \u0412\u0430\u0441 \u043f\u0440\u0430\u0437\u0434\u043d\u0438\u043a \u0438\u043b\u0438 \u0434\u0440\u0443\u0433\u043e\u0435 \u043f\u0440\u0438\u044f\u0442\u043d\u043e\u0435 \u043c\u0435\u0440\u043e\u043f\u0440\u0438\u044f\u0442\u0438\u0435.<br \/>\n\u0425\u043e\u0442\u0438\u0442\u0435 \u0447\u0430\u0441\u0442\u0438\u0447\u043a\u0443 \u042f\u043f\u043e\u043d\u0438\u0438 \u043d\u0430 \u0412\u0430\u0448\u0435\u043c \u043f\u0440\u0430\u0437\u0434\u043d\u0438\u0447\u043d\u043e\u043c \u0441\u0442\u043e\u043b\u0435? \u0414\u043e\u0432\u0435\u0440\u044c\u0442\u0435 \u044d\u0442\u043e \u043d\u0430\u043c \u0438 \u043c\u044b \u0412\u0430\u0441 \u043d\u0435 \u043f\u043e\u0434\u0432\u0435\u0434\u0435\u043c.<\/p>\n<p><strong>\u0421\u043f\u0430\u0441\u0438\u0431\u043e, \u0447\u0442\u043e \u0432\u044b\u0431\u0438\u0440\u0430\u0435\u0442\u0435 \u043d\u0430\u0441.<\/strong><br \/>\nBonsai Sushi<\/p>","protected":false},"excerpt":{"rendered":"<p>Bonsai Sushi alustas tegevust 2011 aastal.\u00a0Esimestest p\u00e4evadest alates on meie jaoks k\u00f5ige t\u00e4htsamaks olnud pakkuda head maitsvat toitu taskukohase hinnaga. Sellega on meil \u00f5nnestunud v\u00f5ita paljude klientide usaldus. Meie tunnuslauseks on: Maitsev, odav ja kvaliteetne Bonsai Sushi j\u00e4rgib jaapani k\u00f6\u00f6gi [&hellip;]<\/p>","protected":false},"author":1,"featured_media":0,"parent":0,"menu_order":0,"comment_status":"closed","ping_status":"open","template":"","meta":{"footnotes":""},"_links":{"self":[{"href":"https:\/\/bonsaisushi.ee\/rus\/wp-json\/wp\/v2\/pages\/4729"}],"collection":[{"href":"https:\/\/bonsaisushi.ee\/rus\/wp-json\/wp\/v2\/pages"}],"about":[{"href":"https:\/\/bonsaisushi.ee\/rus\/wp-json\/wp\/v2\/types\/page"}],"author":[{"embeddable":true,"href":"https:\/\/bonsaisushi.ee\/rus\/wp-json\/wp\/v2\/users\/1"}],"replies":[{"embeddable":true,"href":"https:\/\/bonsaisushi.ee\/rus\/wp-json\/wp\/v2\/comments?post=4729"}],"version-history":[{"count":1,"href":"https:\/\/bonsaisushi.ee\/rus\/wp-json\/wp\/v2\/pages\/4729\/revisions"}],"predecessor-version":[{"id":5588,"href":"https:\/\/bonsaisushi.ee\/rus\/wp-json\/wp\/v2\/pages\/4729\/revisions\/5588"}],"wp:attachment":[{"href":"https:\/\/bonsaisushi.ee\/rus\/wp-json\/wp\/v2\/media?parent=4729"}],"curies":[{"name":"wp","href":"https:\/\/api.w.org\/{rel}","templated":true}]}}