{"id":395,"date":"2018-06-13T11:09:47","date_gmt":"2018-06-13T11:09:47","guid":{"rendered":"http:\/\/nigiri.elated-themes.com\/?page_id=395"},"modified":"2020-07-22T16:09:47","modified_gmt":"2020-07-22T13:09:47","slug":"meist","status":"publish","type":"page","link":"https:\/\/bonsaisushi.ee\/rus\/meist\/","title":{"rendered":"\u041e \u043d\u0430\u0441"},"content":{"rendered":"<div class=\"vc_row wpb_row vc_row-fluid\" ><div class=\"wpb_column vc_column_container vc_col-sm-12\"><div class=\"vc_column-inner\"><div class=\"wpb_wrapper\"><div class=\"eltdf-section-title-holder   eltdf-position-center\" style=\"text-align: center\">\n\t\t<div class=\"eltdf-st-inner\">\n\t\t\t\t\t\t\t<h1 class=\"eltdf-st-title\" >\n\t\t\t\t\u041e \u043d\u0430\u0441\t\t\t<\/h1>\n\t\t\t\t\t\t\t\t\t<\/div>\n<\/div><div class=\"eltdf-elements-holder   eltdf-two-columns  eltdf-responsive-mode-768\" ><div class=\"eltdf-eh-item\"  data-item-class=\"eltdf-eh-custom-5199\">\n\t<div class=\"eltdf-eh-item-inner\">\n\t\t<div class=\"eltdf-eh-item-content eltdf-eh-custom-5199\" >\n\t\t\t\n\t<div  class=\"wpb_single_image wpb_content_element vc_align_left\">\n\t\t\n\t\t<figure class=\"wpb_wrapper vc_figure\">\n\t\t\t<div class=\"vc_single_image-wrapper   vc_box_border_grey\"><img loading=\"lazy\" decoding=\"async\" width=\"984\" height=\"904\" src=\"https:\/\/bonsaisushi.ee\/wp-content\/uploads\/2020\/06\/icon-1.png\" class=\"vc_single_image-img attachment-full\" alt=\"\" srcset=\"https:\/\/bonsaisushi.ee\/wp-content\/uploads\/2020\/06\/icon-1.png 984w, https:\/\/bonsaisushi.ee\/wp-content\/uploads\/2020\/06\/icon-1-600x551.png 600w, https:\/\/bonsaisushi.ee\/wp-content\/uploads\/2020\/06\/icon-1-300x276.png 300w, https:\/\/bonsaisushi.ee\/wp-content\/uploads\/2020\/06\/icon-1-768x706.png 768w\" sizes=\"(max-width: 984px) 100vw, 984px\" \/><\/div>\n\t\t<\/figure>\n\t<\/div>\n\t\t<\/div>\n\t<\/div>\n<\/div><div class=\"eltdf-eh-item\"  data-item-class=\"eltdf-eh-custom-3335\">\n\t<div class=\"eltdf-eh-item-inner\">\n\t\t<div class=\"eltdf-eh-item-content eltdf-eh-custom-3335\" >\n\t\t\t<div class=\"vc_empty_space\"   style=\"height: 13px\"><span class=\"vc_empty_space_inner\"><\/span><\/div>\n\t<div class=\"wpb_text_column wpb_content_element  vc_custom_1595423384929\" >\n\t\t<div class=\"wpb_wrapper\">\n\t\t\t<p>\u0411\u043e\u043d\u0441\u0430\u0439 \u0421\u0443\u0448\u0438 \u043d\u0430\u0447\u0430\u043b \u0441\u0432\u043e\u044e \u0434\u0435\u044f\u0442\u0435\u043b\u044c\u043d\u043e\u0441\u0442\u044c \u0432 2011 \u0433\u043e\u0434\u0443. \u0421 \u043f\u0435\u0440\u0432\u044b\u0445 \u0434\u043d\u0435\u0439 \u0441\u0430\u043c\u044b\u043c \u0432\u0430\u0436\u043d\u044b\u043c \u0434\u043b\u044f \u043d\u0430\u0441 \u0431\u044b\u043b\u043e \u043f\u0440\u0435\u0434\u043b\u043e\u0436\u0438\u0442\u044c \u0445\u043e\u0440\u043e\u0448\u0443\u044e \u0432\u043a\u0443\u0441\u043d\u0443\u044e \u0435\u0434\u0443 \u043f\u043e \u0434\u043e\u0441\u0442\u0443\u043f\u043d\u043e\u0439 \u0446\u0435\u043d\u0435. \u0411\u043b\u0430\u0433\u043e\u0434\u0430\u0440\u044f \u044d\u0442\u043e\u043c\u0443 \u043d\u0430\u043c \u0443\u0434\u0430\u043b\u043e\u0441\u044c \u0437\u0430\u0432\u043e\u0435\u0432\u0430\u0442\u044c \u0434\u043e\u0432\u0435\u0440\u0438\u0435 \u043c\u043d\u043e\u0433\u0438\u0445 \u043a\u043b\u0438\u0435\u043d\u0442\u043e\u0432.<br \/>\n<strong>\u041d\u0430\u0448 \u0434\u0435\u0432\u0438\u0437:<\/strong><\/p>\n<blockquote><p>\n<strong>\u0412\u043a\u0443\u0441\u043d\u043e, \u0434\u0435\u0448\u0435\u0432\u043e \u0438 \u043a\u0430\u0447\u0435\u0441\u0442\u0432\u0435\u043d\u043d\u043e<\/strong>\n<\/p><\/blockquote>\n<p>Bonsai Sushi \u0443\u0432\u0430\u0436\u0430\u0435\u0442 \u0442\u0440\u0430\u0434\u0438\u0446\u0438\u0438 \u044f\u043f\u043e\u043d\u0441\u043a\u043e\u0439 \u043a\u0443\u0445\u043d\u0438, \u043f\u043e\u044d\u0442\u043e\u043c\u0443 \u043d\u0430\u0448\u0438 \u043a\u043b\u0438\u0435\u043d\u0442\u044b \u043c\u043e\u0433\u0443\u0442 \u0431\u044b\u0442\u044c \u0443\u0432\u0435\u0440\u0435\u043d\u044b \u0432 \u043a\u0430\u0447\u0435\u0441\u0442\u0432\u0435 \u043f\u0440\u043e\u0434\u0443\u043a\u0442\u0430 \u0438 \u0435\u0433\u043e \u0441\u0432\u0435\u0436\u0435\u0441\u0442\u0438, \u0432\u0435\u0434\u044c \u0432\u0441\u0435 \u0431\u043b\u044e\u0434\u0430 \u0434\u0435\u043b\u0430\u044e\u0442\u0441\u044f \u0442\u043e\u043b\u044c\u043a\u043e \u043f\u043e\u0441\u043b\u0435 \u043f\u0440\u0438\u043d\u044f\u0442\u0438\u044f \u0437\u0430\u043a\u0430\u0437\u043e\u0432.<br \/>\n\u0427\u0442\u043e\u0431\u044b \u043d\u0430\u0448\u0438 \u043a\u043b\u0438\u0435\u043d\u0442\u044b \u043d\u0435 \u0443\u0441\u0442\u0430\u0432\u0430\u043b\u0438 \u043e\u0442 \u043e\u0434\u043d\u043e\u043e\u0431\u0440\u0430\u0437\u0438\u044f \u043c\u0435\u043d\u044e, \u043c\u044b \u043f\u043e\u0441\u0442\u043e\u044f\u043d\u043d\u043e \u043f\u043e\u043f\u043e\u043b\u043d\u044f\u0435\u043c\u0441\u044f \u043d\u043e\u0432\u0438\u043d\u043a\u0430\u043c\u0438, \u043f\u0440\u0435\u0434\u043e\u0441\u0442\u0430\u0432\u043b\u044f\u044f \u0432\u043e\u0437\u043c\u043e\u0436\u043d\u043e\u0441\u0442\u044c \u0432\u044b\u0431\u043e\u0440\u0430 \u043d\u043e\u0432\u044b\u0445 \u0432\u043a\u0443\u0441\u043e\u0432 \u0438 \u0441\u043e\u0447\u0435\u0442\u0430\u043d\u0438\u0439.<br \/>\n\u041a\u043e\u043c\u0430\u043d\u0434\u0430 Bonsai Sushi \u0432\u0441\u0435\u0433\u0434\u0430 \u0440\u0430\u0434\u0430 \u043f\u0440\u0438\u0434\u0442\u0438 \u0412\u0430\u043c \u043d\u0430 \u043f\u043e\u043c\u043e\u0449\u044c, \u0435\u0441\u043b\u0438 \u0443 \u0412\u0430\u0441 \u043f\u0440\u0430\u0437\u0434\u043d\u0438\u043a \u0438\u043b\u0438 \u0434\u0440\u0443\u0433\u043e\u0435 \u043f\u0440\u0438\u044f\u0442\u043d\u043e\u0435 \u043c\u0435\u0440\u043e\u043f\u0440\u0438\u044f\u0442\u0438\u0435.<br \/>\n\u0425\u043e\u0442\u0438\u0442\u0435 \u0447\u0430\u0441\u0442\u0438\u0447\u043a\u0443 \u042f\u043f\u043e\u043d\u0438\u0438 \u043d\u0430 \u0412\u0430\u0448\u0435\u043c \u043f\u0440\u0430\u0437\u0434\u043d\u0438\u0447\u043d\u043e\u043c \u0441\u0442\u043e\u043b\u0435? \u0414\u043e\u0432\u0435\u0440\u044c\u0442\u0435 \u044d\u0442\u043e \u043d\u0430\u043c \u0438 \u043c\u044b \u0412\u0430\u0441 \u043d\u0435 \u043f\u043e\u0434\u0432\u0435\u0434\u0435\u043c.<\/p>\n<p><strong>\u0421\u043f\u0430\u0441\u0438\u0431\u043e, \u0447\u0442\u043e \u0432\u044b\u0431\u0438\u0440\u0430\u0435\u0442\u0435 \u043d\u0430\u0441.<\/strong><br \/>\nBonsai Sushi<\/p>\n\n\t\t<\/div>\n\t<\/div>\n\t\t<\/div>\n\t<\/div>\n<\/div><\/div><\/div><\/div><\/div><\/div>","protected":false},"excerpt":{"rendered":"Meist Bonsai Sushi alustas tegevust 2011 aastal. Esimestest p\u00e4evadest alates on meie jaoks k\u00f5ige t\u00e4htsamaks olnud pakkuda head maitsvat toitu taskukohase hinnaga. Sellega on meil \u00f5nnestunud v\u00f5ita paljude klientide usaldus. Meie tunnuslauseks on: Maitsev, odav ja kvaliteetne Bonsai Sushi j\u00e4rgib [...]","protected":false},"author":1,"featured_media":0,"parent":0,"menu_order":0,"comment_status":"closed","ping_status":"closed","template":"full-width.php","meta":{"footnotes":""},"_links":{"self":[{"href":"https:\/\/bonsaisushi.ee\/rus\/wp-json\/wp\/v2\/pages\/395"}],"collection":[{"href":"https:\/\/bonsaisushi.ee\/rus\/wp-json\/wp\/v2\/pages"}],"about":[{"href":"https:\/\/bonsaisushi.ee\/rus\/wp-json\/wp\/v2\/types\/page"}],"author":[{"embeddable":true,"href":"https:\/\/bonsaisushi.ee\/rus\/wp-json\/wp\/v2\/users\/1"}],"replies":[{"embeddable":true,"href":"https:\/\/bonsaisushi.ee\/rus\/wp-json\/wp\/v2\/comments?post=395"}],"version-history":[{"count":19,"href":"https:\/\/bonsaisushi.ee\/rus\/wp-json\/wp\/v2\/pages\/395\/revisions"}],"predecessor-version":[{"id":5610,"href":"https:\/\/bonsaisushi.ee\/rus\/wp-json\/wp\/v2\/pages\/395\/revisions\/5610"}],"wp:attachment":[{"href":"https:\/\/bonsaisushi.ee\/rus\/wp-json\/wp\/v2\/media?parent=395"}],"curies":[{"name":"wp","href":"https:\/\/api.w.org\/{rel}","templated":true}]}}